{"id":11,"date":"2016-03-26T21:25:48","date_gmt":"2016-03-26T20:25:48","guid":{"rendered":"http:\/\/wp.micka.se\/?page_id=11"},"modified":"2024-05-18T12:15:48","modified_gmt":"2024-05-18T10:15:48","slug":"fiske","status":"publish","type":"page","link":"https:\/\/www.attsjoby.se\/?page_id=11","title":{"rendered":"Fiske"},"content":{"rendered":"<p><strong>Fiske i Attsj\u00f6<\/strong><\/p>\n<hr \/>\n<p><strong><img loading=\"lazy\" decoding=\"async\" class=\"alignleft wp-image-80 size-medium\" src=\"https:\/\/www.attsjoby.se\/wp-content\/uploads\/2016\/03\/IMG_5439-300x200.jpg\" alt=\"IMG_5439\" width=\"300\" height=\"200\" srcset=\"https:\/\/www.attsjoby.se\/wp-content\/uploads\/2016\/03\/IMG_5439-300x200.jpg 300w, https:\/\/www.attsjoby.se\/wp-content\/uploads\/2016\/03\/IMG_5439-768x512.jpg 768w, https:\/\/www.attsjoby.se\/wp-content\/uploads\/2016\/03\/IMG_5439-306x205.jpg 306w, https:\/\/www.attsjoby.se\/wp-content\/uploads\/2016\/03\/IMG_5439.jpg 900w\" sizes=\"auto, (max-width: 300px) 100vw, 300px\" \/><\/strong><strong>Attsj\u00f6n &#8211; Tryllsg\u00f6l<\/strong><\/p>\n<p><strong>Ca 3 km nordost om Attsj\u00f6 by, p\u00e5 v\u00e4gen mot Holmahult ligger Tryllsg\u00f6l som ing\u00e5r i Attsj\u00f6n &#8211; Tryllsg\u00f6ls fiskev\u00e5rdsomr\u00e5de.<br \/>\n<\/strong>Sj\u00f6arna ligger i en vacker ost\u00f6rd natur, ingen bebyggelse finns i n\u00e4rheten, bara skog. Genom sitt avskilda l\u00e4ge och vildmarksnatur erbjuder sj\u00f6arna b\u00e5de trevligt fiske samt rekreation och avkoppling. B\u00e5t disponeras av kortinnehavare i m\u00e5n av tillg\u00e5ng.<br \/>\n<strong><br \/>\nAttsj\u00f6n ligger bel\u00e4gen mitt ute i Attsj\u00f6skogarna i en vacker or\u00f6rd natur.<br \/>\n<\/strong>Sj\u00f6n som \u00e4r p\u00e5 30 hektar \u00e4r en v\u00e4lbes\u00f6kt sj\u00f6 b\u00e5de av byborna i Attsj\u00f6 och utav utomst\u00e5ende som gillar att fiska eller bara vara ute i den vackra naturen. H\u00e4r finns \u00e4ven en fin grillplats med brygga och b\u00e5tar att l\u00e5na f\u00f6r den som ska fiska. I sj\u00f6n finns det g\u00e4dda, abborre, braxen och \u00e4ven n\u00e5gon enstaka m\u00f6rt. Signalkr\u00e4ftor har \u00e4ven planterats in och fiskas \u00e5rligen utav fisker\u00e4ttsinnehavarna. Med lite tur kan man f\u00e5 se lommen och fiskgjusen h\u00e4cka h\u00e4r p\u00e5 v\u00e5ren. Idag \u00e4r stora delar av sj\u00f6n dyig men tidigare har det varit en badsj\u00f6. P\u00e5 mitten av 60-talet besl\u00f6t man att b\u00f6rja kalka sj\u00f6n mot f\u00f6rsurning. Initiativtagare till detta var Aron Lindstr\u00f6m. D\u00e5 rodde man ut med stora s\u00e4ckar med kalk. P\u00e5 vintern k\u00f6rde man ist\u00e4llet ut med traktorer p\u00e5 isen och l\u00e4t sen kalken f\u00f6lja med sm\u00e4ltisen. Idag \u00e4r det Lessebo kommun som kalkar sj\u00f6n d\u00e5 vattnet fr\u00e5n sj\u00f6n rinner ut i Fibble-\u00e5 och vidare ut i Rottnen, som till st\u00f6rsta delen, tillh\u00f6r Lessebo kommun.<\/p>\n<p><strong>Fiskekorten s\u00e4ljes av:<\/strong><br \/>\nStefan Karlsson, Norreg\u00e5rd. tele: 070- 652 42 16<\/p>\n<p>\u00c5rskort 200 kr<br \/>\nDagkort 50 kr<\/p>\n<hr \/>\n<p><span style=\"color: #333399;\"><a style=\"color: #333399;\" href=\"http:\/\/kartor.eniro.se\/?q=attsj%C3%B6n,+v%C3%A4xj%C3%B6?search_word=\" target=\"_blank\" rel=\"noopener noreferrer\">Hitta till Attsj\u00f6n<\/a><\/span><\/p>\n<p><span style=\"color: #333399;\"><a style=\"color: #333399;\" href=\"http:\/\/kartor.eniro.se\/?q=Tryllsg%C3%B6l,+v%C3%A4xj%C3%B6?search_word=\" target=\"_blank\" rel=\"noopener noreferrer\">Hitta till Tryllsg\u00f6l<\/a><\/span><\/p>\n","protected":false},"excerpt":{"rendered":"<p>Fiske i Attsj\u00f6 Attsj\u00f6n &#8211; Tryllsg\u00f6l Ca 3 km nordost om Attsj\u00f6 by, p\u00e5 v\u00e4gen mot Holmahult ligger Tryllsg\u00f6l som ing\u00e5r i Attsj\u00f6n &#8211; Tryllsg\u00f6ls fiskev\u00e5rdsomr\u00e5de. Sj\u00f6arna ligger i en vacker ost\u00f6rd natur, ingen bebyggelse finns i n\u00e4rheten, bara skog. Genom sitt avskilda l\u00e4ge och vildmarksnatur erbjuder sj\u00f6arna b\u00e5de trevligt fiske samt rekreation och avkoppling. B\u00e5t disponeras av kortinnehavare i m\u00e5n av tillg\u00e5ng. Attsj\u00f6n ligger bel\u00e4gen mitt ute i Attsj\u00f6skogarna i en vacker or\u00f6rd natur. Sj\u00f6n som \u00e4r p\u00e5 30 hektar \u00e4r en v\u00e4lbes\u00f6kt sj\u00f6 b\u00e5de av byborna i Attsj\u00f6 och utav utomst\u00e5ende som gillar att fiska eller bara vara ute i den vackra naturen. H\u00e4r finns \u00e4ven en fin grillplats med brygga och b\u00e5tar att l\u00e5na f\u00f6r den som ska fiska. I sj\u00f6n finns det g\u00e4dda, abborre, braxen och \u00e4ven n\u00e5gon enstaka m\u00f6rt. Signalkr\u00e4ftor har \u00e4ven planterats in och fiskas \u00e5rligen utav fisker\u00e4ttsinnehavarna. Med lite tur kan man f\u00e5 se lommen och fiskgjusen h\u00e4cka h\u00e4r p\u00e5 v\u00e5ren. Idag \u00e4r stora delar av sj\u00f6n dyig men tidigare har det varit en badsj\u00f6. P\u00e5 mitten av 60-talet besl\u00f6t man att b\u00f6rja kalka sj\u00f6n mot f\u00f6rsurning. Initiativtagare till detta var Aron Lindstr\u00f6m. D\u00e5 rodde man ut med stora s\u00e4ckar med kalk. P\u00e5 vintern k\u00f6rde man ist\u00e4llet ut med traktorer p\u00e5 isen och l\u00e4t sen kalken f\u00f6lja med sm\u00e4ltisen. Idag \u00e4r det Lessebo kommun som kalkar sj\u00f6n d\u00e5 vattnet fr\u00e5n sj\u00f6n rinner ut i Fibble-\u00e5 och vidare ut i Rottnen, som till st\u00f6rsta delen, tillh\u00f6r Lessebo kommun. Fiskekorten s\u00e4ljes av: Stefan Karlsson, Norreg\u00e5rd. tele: 070- 652 42 16 \u00c5rskort 200 kr Dagkort 50 kr Hitta till Attsj\u00f6n Hitta till Tryllsg\u00f6l<\/p>\n","protected":false},"author":1,"featured_media":0,"parent":0,"menu_order":0,"comment_status":"closed","ping_status":"closed","template":"","meta":{"footnotes":""},"class_list":["post-11","page","type-page","status-publish","hentry"],"_links":{"self":[{"href":"https:\/\/www.attsjoby.se\/index.php?rest_route=\/wp\/v2\/pages\/11","targetHints":{"allow":["GET"]}}],"collection":[{"href":"https:\/\/www.attsjoby.se\/index.php?rest_route=\/wp\/v2\/pages"}],"about":[{"href":"https:\/\/www.attsjoby.se\/index.php?rest_route=\/wp\/v2\/types\/page"}],"author":[{"embeddable":true,"href":"https:\/\/www.attsjoby.se\/index.php?rest_route=\/wp\/v2\/users\/1"}],"replies":[{"embeddable":true,"href":"https:\/\/www.attsjoby.se\/index.php?rest_route=%2Fwp%2Fv2%2Fcomments&post=11"}],"version-history":[{"count":16,"href":"https:\/\/www.attsjoby.se\/index.php?rest_route=\/wp\/v2\/pages\/11\/revisions"}],"predecessor-version":[{"id":731,"href":"https:\/\/www.attsjoby.se\/index.php?rest_route=\/wp\/v2\/pages\/11\/revisions\/731"}],"wp:attachment":[{"href":"https:\/\/www.attsjoby.se\/index.php?rest_route=%2Fwp%2Fv2%2Fmedia&parent=11"}],"curies":[{"name":"wp","href":"https:\/\/api.w.org\/{rel}","templated":true}]}}