{"id":13,"date":"2016-03-26T21:27:48","date_gmt":"2016-03-26T20:27:48","guid":{"rendered":"http:\/\/wp.micka.se\/?page_id=13"},"modified":"2024-05-18T12:23:36","modified_gmt":"2024-05-18T10:23:36","slug":"boka-skolan","status":"publish","type":"page","link":"https:\/\/www.attsjoby.se\/?page_id=13","title":{"rendered":"Boka Skolan"},"content":{"rendered":"<p><strong>Bokning av Attsj\u00f6 skola<\/strong><\/p>\n<hr \/>\n<p><img loading=\"lazy\" decoding=\"async\" class=\"alignleft wp-image-27 size-medium\" src=\"https:\/\/www.attsjoby.se\/wp-content\/uploads\/2016\/03\/IMG_0179-300x200.jpg\" alt=\"Skolan\" width=\"300\" height=\"200\" srcset=\"https:\/\/www.attsjoby.se\/wp-content\/uploads\/2016\/03\/IMG_0179-300x200.jpg 300w, https:\/\/www.attsjoby.se\/wp-content\/uploads\/2016\/03\/IMG_0179-768x512.jpg 768w, https:\/\/www.attsjoby.se\/wp-content\/uploads\/2016\/03\/IMG_0179-306x205.jpg 306w, https:\/\/www.attsjoby.se\/wp-content\/uploads\/2016\/03\/IMG_0179.jpg 900w\" sizes=\"auto, (max-width: 300px) 100vw, 300px\" \/><\/p>\n<p><strong>Kostnad f\u00f6r att boka skolan \u00e4r:<\/strong><\/p>\n<p><strong>F\u00f6r medlemmar, hela skolan:\u00a0 200:-\/dygn<br \/><\/strong><em>(gratis till medlemmar om det \u00e4r en aktivitet som alla i byn \u00e4r bjudna till)<\/em><strong><br \/><\/strong><\/p>\n<p><strong>Ej medlemmar, hela skolan:\u00a0 \u00a0 \u00a0700:-\/dygn<\/strong><\/p>\n<p><em><strong>Ej medlemmar, lilla m\u00f6tesrummet och k\u00f6ket:\u00a0 \u00a0 \u00a0350:-\/dygn<\/strong><\/em><br \/><br \/><\/p>\n<p><em><strong>Swish nummer: 1234951802, Bankgiro: 549-3531<\/strong><\/em><\/p>\n<p><em><strong>Nu ing\u00e5r Internet\/WIFI n\u00e4r ni bokar skolan<\/strong><\/em><\/p>\n<p><em>Information om betalning och instruktioner om skolan kommer p\u00e5 e-post vid bokningsbekr\u00e4ftelse.<br \/>Betalningen ska senast vara inbetald en vecka innan den bokade dagen.<\/em><\/p>\n<p><span style=\"color: #ff6600;\">Orange<\/span> = f\u00f6rfr\u00e5gan av bokning<br \/><span style=\"color: #ff0000;\">R\u00f6d<\/span> = Bekr\u00e4ftad bokning<\/p>\n<p><em>Vid fr\u00e5gor om bokning skicka ett mail: skolan@attsjoby.se<\/em><\/p>\n<p>\u00a0<\/p>\n<hr \/>\n<p><em>(Nu g\u00e5r det markera och boka flera dagar efter varandra.)<\/em><br \/> <div id=\"form_id1750805409685\" class=\"wpbc_container wpbc_form wpbc_container_booking_form \" ><form id=\"booking_form1\" class=\"booking_form vertical\" method=\"post\" action=\"\"><div id=\"ajax_respond_insert1\" class=\"ajax_respond_insert\" style=\"display:none;\"><\/div><a name=\"bklnk1\" id=\"bklnk1\"><\/a><div id=\"booking_form_div1\" class=\"booking_form_div\"><style type=\"text\/css\">.wpbc_container_booking_form .block_hints, .wpbc_booking_form_simple.wpbc_form_center .wpbc__form__div .wpbc__row.wpbc_r_calendar, .wpbc_booking_form_simple .wpbc__form__div .wpbc__row:not(.wpbc_r_calendar){max-width:440px;} <\/style>\n<div class=\"wpbc_booking_form_simple \">\n<div class=\"wpbc__form__div\">\n\t\t\t<div class=\"wpbc_r_calendar wpbc__row\">\n\t\t\t\t<div class=\"wpbc_r_calendar wpbc__field\"> <label><\/label><br><div class=\"wpbc_calendar_wraper wpbc_change_over_triangle\"><div class=\"wpbc_cal_container bk_calendar_frame wpbc_no_custom_width  months_num_in_row_ cal_month_num_1 wpbc_timeslot_day_bg_as_available\" style=\"\"><div id=\"calendar_booking1\"  class=\"wpbc_calendar_id_1\" >\t<div class=\"calendar_loader_frame calendar_loader_frame1\"\r\n\t\tdata-wpbc-rid=\"1\"\r\n\t\tdata-wpbc-grace=\"8000\"\r\n\t\tstyle=\"--wpbc-loader-cols: 1;\"\r\n\t>\r\n\t\t<div class=\"calendar_loader_text\">Laddar...<\/div>\r\n\t\t<div class=\"calendar_loader_frame__progress_line_container\">\r\n\t\t\t<div class=\"calendar_loader_frame__progress_line\"><\/div>\r\n\t\t<\/div>\r\n\t<\/div>\r\n\t<\/div><\/div><div style=\"font-size:7px;text-align:left;margin:0 0 10px;text-shadow: none;\">Powered by <a href=\"https:\/\/wpbookingcalendar.com\" style=\"font-size:7px;\" target=\"_blank\" title=\"Booking Calendar plugin for WordPress\">Booking Calendar<\/a><\/div><textarea id=\"date_booking1\" name=\"date_booking1\" autocomplete=\"off\" style=\"display:none;\"><\/textarea><\/div> <\/div>\n\t\t\t<\/div>\n\t\t\t<div class=\"wpbc__row\">\n\t\t\t\t<div class=\"wpbc_r_name wpbc__field\"> <label>F\u00f6rnamn*<\/label><br><span class=\"wpbc_wrap_text wpdev-form-control-wrap name1\"><input type=\"text\" name=\"name1\" value=\"\" autocomplete=\"name\" class=\"wpdev-validates-as-required\" size=\"40\" \/><\/span> <\/div>\n\t\t\t<\/div>\n\t\t\t<div class=\"wpbc__row\">\n\t\t\t\t<div class=\"wpbc_r_secondname wpbc__field\"> <label>Efternamn*<\/label><br><span class=\"wpbc_wrap_text wpdev-form-control-wrap secondname1\"><input type=\"text\" name=\"secondname1\" value=\"\" autocomplete=\"secondname\" class=\"wpdev-validates-as-required\" size=\"40\" \/><\/span> <\/div>\n\t\t\t<\/div>\n\t\t\t<div class=\"wpbc__row\">\n\t\t\t\t<div class=\"wpbc_r_email wpbc__field\"> <label>Epost*<\/label><br><span class=\"wpbc_wrap_text wpdev-form-control-wrap email1\"><input type=\"email\" name=\"email1\" value=\"\" autocomplete=\"email\" class=\"wpdev-validates-as-email wpdev-validates-as-required\" size=\"40\" \/><\/span> <\/div>\n\t\t\t<\/div>\n\t\t\t<div class=\"wpbc__row\">\n\t\t\t\t<div class=\"wpbc_r_phone wpbc__field\"> <label>Telefon*<\/label><br><span class=\"wpbc_wrap_text wpdev-form-control-wrap phone1\"><input type=\"text\" name=\"phone1\" value=\"\" autocomplete=\"phone\" class=\"wpdev-validates-as-required\" size=\"40\" \/><\/span> <\/div>\n\t\t\t<\/div>\n\t\t\t<div class=\"wpbc__row\">\n\t\t\t\t<div class=\"wpbc_r_details wpbc__field\"> <label>Skriv din aktivitet \/ m\u00f6te*<\/label><br><span class=\"wpbc_wrap_textarea wpdev-form-control-wrap details1\"><textarea name=\"details1\" autocomplete=\"details\" class=\"wpdev-validates-as-required\"><\/textarea><\/span> <\/div>\n\t\t\t<\/div>\n\t\t\t<div class=\"wpbc__row\">\n\t\t\t\t<div class=\"wpbc_r_submit wpbc__field\"><input type=\"button\" value=\"Skicka\" class=\"wpbc_button_light  btn btn\" onclick=\"wpbc_booking_form_submit(this.form,1, 'sv_SE');\" \/> <\/div>\n\t\t\t<\/div>\n<\/div>\n<\/div><input id=\"bk_type1\" name=\"bk_type1\" class=\"\" type=\"hidden\" value=\"1\" \/><\/div><div id=\"submiting1\"><\/div><div class=\"form_bk_messages\" id=\"form_bk_messages1\" ><\/div><input type=\"hidden\" id=\"wpbc_nonceCALCULATE_THE_COST1\" name=\"wpbc_nonceCALCULATE_THE_COST1\" value=\"3d9a47ea94\" \/><input type=\"hidden\" name=\"_wp_http_referer\" value=\"\/index.php?rest_route=%2Fwp%2Fv2%2Fpages%2F13\" \/><\/form><\/div><div id=\"booking_form_garbage1\" class=\"booking_form_garbage\"><\/div> <br \/>OBS! Gl\u00f6m ej kontrollera i er skr\u00e4pkorg om ni ej f\u00e5tt ett svars e-post inom n\u00e5gra dagar.<\/p>\n\n\n<p><\/p>\n","protected":false},"excerpt":{"rendered":"<p>Bokning av Attsj\u00f6 skola Kostnad f\u00f6r att boka skolan \u00e4r: F\u00f6r medlemmar, hela skolan:\u00a0 200:-\/dygn(gratis till medlemmar om det \u00e4r en aktivitet som alla i byn \u00e4r bjudna till) Ej medlemmar, hela skolan:\u00a0 \u00a0 \u00a0700:-\/dygn Ej medlemmar, lilla m\u00f6tesrummet och k\u00f6ket:\u00a0 \u00a0 \u00a0350:-\/dygn Swish nummer: 1234951802, Bankgiro: 549-3531 Nu ing\u00e5r Internet\/WIFI n\u00e4r ni bokar skolan Information om betalning och instruktioner om skolan kommer p\u00e5 e-post vid bokningsbekr\u00e4ftelse.Betalningen ska senast vara inbetald en vecka innan den bokade dagen. Orange = f\u00f6rfr\u00e5gan av bokningR\u00f6d = Bekr\u00e4ftad bokning Vid fr\u00e5gor om bokning skicka ett mail: skolan@attsjoby.se \u00a0 (Nu g\u00e5r det markera och boka flera dagar efter varandra.) OBS! Gl\u00f6m ej kontrollera i er skr\u00e4pkorg om ni ej f\u00e5tt ett svars e-post inom n\u00e5gra dagar.<\/p>\n","protected":false},"author":1,"featured_media":0,"parent":0,"menu_order":0,"comment_status":"closed","ping_status":"closed","template":"","meta":{"footnotes":""},"class_list":["post-13","page","type-page","status-publish","hentry"],"_links":{"self":[{"href":"https:\/\/www.attsjoby.se\/index.php?rest_route=\/wp\/v2\/pages\/13","targetHints":{"allow":["GET"]}}],"collection":[{"href":"https:\/\/www.attsjoby.se\/index.php?rest_route=\/wp\/v2\/pages"}],"about":[{"href":"https:\/\/www.attsjoby.se\/index.php?rest_route=\/wp\/v2\/types\/page"}],"author":[{"embeddable":true,"href":"https:\/\/www.attsjoby.se\/index.php?rest_route=\/wp\/v2\/users\/1"}],"replies":[{"embeddable":true,"href":"https:\/\/www.attsjoby.se\/index.php?rest_route=%2Fwp%2Fv2%2Fcomments&post=13"}],"version-history":[{"count":24,"href":"https:\/\/www.attsjoby.se\/index.php?rest_route=\/wp\/v2\/pages\/13\/revisions"}],"predecessor-version":[{"id":734,"href":"https:\/\/www.attsjoby.se\/index.php?rest_route=\/wp\/v2\/pages\/13\/revisions\/734"}],"wp:attachment":[{"href":"https:\/\/www.attsjoby.se\/index.php?rest_route=%2Fwp%2Fv2%2Fmedia&parent=13"}],"curies":[{"name":"wp","href":"https:\/\/api.w.org\/{rel}","templated":true}]}}